{"id":304,"date":"2017-12-05T10:49:05","date_gmt":"2017-12-05T10:49:05","guid":{"rendered":"http:\/\/localhost\/wp\/wp481\/?page_id=2"},"modified":"2023-11-20T00:12:39","modified_gmt":"2023-11-20T00:12:39","slug":"sample-page-2","status":"publish","type":"page","link":"https:\/\/uslovanskelipy.cz\/","title":{"rendered":"\u00favodn\u00ed strana"},"content":{"rendered":"<p>Na\u0161e provozovny P\u0159ij\u010fte se pod\u00edvat i do na\u0161ich dal\u0161\u00edch restaurac\u00ed v tradi\u010dn\u00edm \u010desk\u00e9m stylu. Restaurace U \u0160umavy Tradi\u010dn\u00ed \u010desk\u00e1 restaurace \u0160t\u011bp\u00e1nsk\u00e1 3, Nov\u00e9 M\u011bsto, Praha 2 \u010cernokosteleck\u00fd pivov\u00e1r Z\u00e1jezdn\u00ed pivovar s restaurac\u00ed \u010ceskobrodsk\u00e1 17, Kostelec nad \u010cern\u00fdmi lesy Va <a href=\"https:\/\/uslovanskelipy.cz\/\" title=\"Read more on \u00favodn\u00ed strana\" class=\"more-link\">read more<\/a><\/p>\n","protected":false},"excerpt":{"rendered":"<p>Na\u0161e provozovny P\u0159ij\u010fte se pod\u00edvat i do na\u0161ich dal\u0161\u00edch restaurac\u00ed v tradi\u010dn\u00edm \u010desk\u00e9m stylu. Restaurace U \u0160umavy Tradi\u010dn\u00ed \u010desk\u00e1 restaurace \u0160t\u011bp\u00e1nsk\u00e1 3, Nov\u00e9 M\u011bsto, Praha 2 \u010cernokosteleck\u00fd pivov\u00e1r Z\u00e1jezdn\u00ed pivovar s restaurac\u00ed \u010ceskobrodsk\u00e1 17, Kostelec nad \u010cern\u00fdmi lesy Va read more<\/p>\n","protected":false},"author":1,"featured_media":0,"parent":0,"menu_order":0,"comment_status":"closed","ping_status":"open","template":"","meta":[],"_links":{"self":[{"href":"https:\/\/uslovanskelipy.cz\/index.php\/wp-json\/wp\/v2\/pages\/304"}],"collection":[{"href":"https:\/\/uslovanskelipy.cz\/index.php\/wp-json\/wp\/v2\/pages"}],"about":[{"href":"https:\/\/uslovanskelipy.cz\/index.php\/wp-json\/wp\/v2\/types\/page"}],"author":[{"embeddable":true,"href":"https:\/\/uslovanskelipy.cz\/index.php\/wp-json\/wp\/v2\/users\/1"}],"replies":[{"embeddable":true,"href":"https:\/\/uslovanskelipy.cz\/index.php\/wp-json\/wp\/v2\/comments?post=304"}],"version-history":[{"count":31,"href":"https:\/\/uslovanskelipy.cz\/index.php\/wp-json\/wp\/v2\/pages\/304\/revisions"}],"predecessor-version":[{"id":2098,"href":"https:\/\/uslovanskelipy.cz\/index.php\/wp-json\/wp\/v2\/pages\/304\/revisions\/2098"}],"wp:attachment":[{"href":"https:\/\/uslovanskelipy.cz\/index.php\/wp-json\/wp\/v2\/media?parent=304"}],"curies":[{"name":"wp","href":"https:\/\/api.w.org\/{rel}","templated":true}]}}