{"id":94,"date":"2017-12-07T14:47:41","date_gmt":"2017-12-07T14:47:41","guid":{"rendered":"http:\/\/restaurace.eprohlidky.cz\/?page_id=94"},"modified":"2019-02-03T15:55:57","modified_gmt":"2019-02-03T15:55:57","slug":"kontakt","status":"publish","type":"page","link":"https:\/\/uslovanskelipy.cz\/index.php\/kontakt\/","title":{"rendered":"Kontakt"},"content":{"rendered":"<p>Kontaktn\u00ed informace Adresa restaurace Tachovsk\u00e9 n\u00e1m\u011bst\u00ed 288\/6, Praha 3 Otev\u00edrac\u00ed doba: po &#8211; ne: 11.00 &#8211; 24.00 REZERVACE A OBJEDN\u00c1VKY J\u00cdDEL : 734 743 094 Provozn\u00ed z\u00e1le\u017eitosti : pochvaly, st\u00ed\u017enosti, skupinov\u00e9 rezervace nad 20 osob, nab\u00eddky dodavatel\u016f &#8211; 7 <a href=\"https:\/\/uslovanskelipy.cz\/index.php\/kontakt\/\" title=\"Read more on Kontakt\" class=\"more-link\">read more<\/a><\/p>\n","protected":false},"excerpt":{"rendered":"<p>Kontaktn\u00ed informace Adresa restaurace Tachovsk\u00e9 n\u00e1m\u011bst\u00ed 288\/6, Praha 3 Otev\u00edrac\u00ed doba: po &#8211; ne: 11.00 &#8211; 24.00 REZERVACE A OBJEDN\u00c1VKY J\u00cdDEL : 734 743 094 Provozn\u00ed z\u00e1le\u017eitosti : pochvaly, st\u00ed\u017enosti, skupinov\u00e9 rezervace nad 20 osob, nab\u00eddky dodavatel\u016f &#8211; 7 read more<\/p>\n","protected":false},"author":1,"featured_media":0,"parent":0,"menu_order":0,"comment_status":"closed","ping_status":"closed","template":"","meta":[],"_links":{"self":[{"href":"https:\/\/uslovanskelipy.cz\/index.php\/wp-json\/wp\/v2\/pages\/94"}],"collection":[{"href":"https:\/\/uslovanskelipy.cz\/index.php\/wp-json\/wp\/v2\/pages"}],"about":[{"href":"https:\/\/uslovanskelipy.cz\/index.php\/wp-json\/wp\/v2\/types\/page"}],"author":[{"embeddable":true,"href":"https:\/\/uslovanskelipy.cz\/index.php\/wp-json\/wp\/v2\/users\/1"}],"replies":[{"embeddable":true,"href":"https:\/\/uslovanskelipy.cz\/index.php\/wp-json\/wp\/v2\/comments?post=94"}],"version-history":[{"count":5,"href":"https:\/\/uslovanskelipy.cz\/index.php\/wp-json\/wp\/v2\/pages\/94\/revisions"}],"predecessor-version":[{"id":713,"href":"https:\/\/uslovanskelipy.cz\/index.php\/wp-json\/wp\/v2\/pages\/94\/revisions\/713"}],"wp:attachment":[{"href":"https:\/\/uslovanskelipy.cz\/index.php\/wp-json\/wp\/v2\/media?parent=94"}],"curies":[{"name":"wp","href":"https:\/\/api.w.org\/{rel}","templated":true}]}}